{"id":70,"date":"2026-01-27T22:32:28","date_gmt":"2026-01-27T19:32:28","guid":{"rendered":"https:\/\/canea.com.tr\/?post_type=product&#038;p=70"},"modified":"2026-02-02T19:40:47","modified_gmt":"2026-02-02T16:40:47","slug":"deri-sigara-cantasi","status":"publish","type":"product","link":"https:\/\/canea.com.tr\/?product=deri-sigara-cantasi","title":{"rendered":"Deri Sigara \u00c7antas\u0131"},"content":{"rendered":"<div class=\"product-detail-card\">\n<h3>Deri Sigara \u00c7antas\u0131<\/h3>\n<p class=\"short-desc\">\u015e\u0131k tasar\u0131m\u0131 ve dayan\u0131kl\u0131 yap\u0131s\u0131 ile sigaralar\u0131n\u0131z\u0131 g\u00fcvenle ta\u015f\u0131yabilece\u011finiz<br \/>\nderi g\u00f6r\u00fcn\u00fcml\u00fc \u00f6zel aksesuar.<\/p>\n<ul class=\"features\">\n<li>\u2714 Hakiki Deri G\u00f6r\u00fcn\u00fcm<\/li>\n<li>\u2714 Kompakt &amp; Dayan\u0131kl\u0131<\/li>\n<li>\u2714 G\u00fcnl\u00fck Kullan\u0131ma Uygun<\/li>\n<li>\u2714 Hediye \u0130\u00e7in \u0130deal<\/li>\n<\/ul>\n<\/div>\n","protected":false},"excerpt":{"rendered":"<p>Deri Sigara \u00c7antas\u0131 \u015e\u0131k tasar\u0131m\u0131 ve dayan\u0131kl\u0131 yap\u0131s\u0131 ile sigaralar\u0131n\u0131z\u0131 g\u00fcvenle ta\u015f\u0131yabilece\u011finiz deri g\u00f6r\u00fcn\u00fcml\u00fc \u00f6zel aksesuar. \u2714 Hakiki Deri G\u00f6r\u00fcn\u00fcm \u2714 Kompakt &amp; Dayan\u0131kl\u0131 \u2714 G\u00fcnl\u00fck Kullan\u0131ma Uygun \u2714 Hediye \u0130\u00e7in \u0130deal<\/p>\n","protected":false},"featured_media":77,"comment_status":"open","ping_status":"closed","template":"","meta":[],"product_brand":[],"product_cat":[17],"product_tag":[18],"class_list":{"0":"post-70","1":"product","2":"type-product","3":"status-publish","4":"has-post-thumbnail","6":"product_cat-deri-sigara-cantasi","7":"product_tag-deri-sigara-cantasi","9":"first","10":"instock","11":"shipping-taxable","12":"purchasable","13":"product-type-simple"},"_links":{"self":[{"href":"https:\/\/canea.com.tr\/index.php?rest_route=\/wp\/v2\/product\/70","targetHints":{"allow":["GET"]}}],"collection":[{"href":"https:\/\/canea.com.tr\/index.php?rest_route=\/wp\/v2\/product"}],"about":[{"href":"https:\/\/canea.com.tr\/index.php?rest_route=\/wp\/v2\/types\/product"}],"replies":[{"embeddable":true,"href":"https:\/\/canea.com.tr\/index.php?rest_route=%2Fwp%2Fv2%2Fcomments&post=70"}],"wp:featuredmedia":[{"embeddable":true,"href":"https:\/\/canea.com.tr\/index.php?rest_route=\/wp\/v2\/media\/77"}],"wp:attachment":[{"href":"https:\/\/canea.com.tr\/index.php?rest_route=%2Fwp%2Fv2%2Fmedia&parent=70"}],"wp:term":[{"taxonomy":"product_brand","embeddable":true,"href":"https:\/\/canea.com.tr\/index.php?rest_route=%2Fwp%2Fv2%2Fproduct_brand&post=70"},{"taxonomy":"product_cat","embeddable":true,"href":"https:\/\/canea.com.tr\/index.php?rest_route=%2Fwp%2Fv2%2Fproduct_cat&post=70"},{"taxonomy":"product_tag","embeddable":true,"href":"https:\/\/canea.com.tr\/index.php?rest_route=%2Fwp%2Fv2%2Fproduct_tag&post=70"}],"curies":[{"name":"wp","href":"https:\/\/api.w.org\/{rel}","templated":true}]}}