{"id":66,"date":"2026-01-27T22:31:32","date_gmt":"2026-01-27T19:31:32","guid":{"rendered":"https:\/\/canea.com.tr\/?page_id=66"},"modified":"2026-01-29T21:58:25","modified_gmt":"2026-01-29T18:58:25","slug":"sepet","status":"publish","type":"page","link":"https:\/\/canea.com.tr\/?page_id=66","title":{"rendered":"Sepet"},"content":{"rendered":"\n<div data-block-name=\"woocommerce\/cart\" class=\"wp-block-woocommerce-cart alignwide is-loading\">\n<div data-block-name=\"woocommerce\/filled-cart-block\" class=\"wp-block-woocommerce-filled-cart-block\">\n<div data-block-name=\"woocommerce\/cart-items-block\" class=\"wp-block-woocommerce-cart-items-block\">\n<div data-block-name=\"woocommerce\/cart-line-items-block\" class=\"wp-block-woocommerce-cart-line-items-block\"><\/div>\n\n\n<\/div>\n\n\n\n\n<div data-block-name=\"woocommerce\/cart-totals-block\" class=\"wp-block-woocommerce-cart-totals-block\">\n<div data-block-name=\"woocommerce\/cart-order-summary-block\" class=\"wp-block-woocommerce-cart-order-summary-block\">\n<div data-block-name=\"woocommerce\/cart-order-summary-heading-block\" class=\"wp-block-woocommerce-cart-order-summary-heading-block\"><\/div><div data-block-name=\"woocommerce\/cart-order-summary-coupon-form-block\" class=\"wp-block-woocommerce-cart-order-summary-coupon-form-block\"><\/div><div data-block-name=\"woocommerce\/cart-order-summary-totals-block\" class=\"wp-block-woocommerce-cart-order-summary-totals-block\">\n<div data-block-name=\"woocommerce\/cart-order-summary-subtotal-block\" class=\"wp-block-woocommerce-cart-order-summary-subtotal-block\"><\/div>\n<div data-block-name=\"woocommerce\/cart-order-summary-discount-block\" class=\"wp-block-woocommerce-cart-order-summary-discount-block\"><\/div>\n<div data-block-name=\"woocommerce\/cart-order-summary-fee-block\" class=\"wp-block-woocommerce-cart-order-summary-fee-block\"><\/div>\n<div data-block-name=\"woocommerce\/cart-order-summary-shipping-block\" class=\"wp-block-woocommerce-cart-order-summary-shipping-block\"><\/div>\n<div data-block-name=\"woocommerce\/cart-order-summary-taxes-block\" class=\"wp-block-woocommerce-cart-order-summary-taxes-block\"><\/div><\/div>\n<\/div>\n\n\n\n<div data-block-name=\"woocommerce\/cart-express-payment-block\" class=\"wp-block-woocommerce-cart-express-payment-block\"><\/div>\n\n\n\n<div data-block-name=\"woocommerce\/proceed-to-checkout-block\" class=\"wp-block-woocommerce-proceed-to-checkout-block\"><\/div>\n\n\n\n<div data-block-name=\"woocommerce\/cart-accepted-payment-methods-block\" class=\"wp-block-woocommerce-cart-accepted-payment-methods-block\"><\/div>\n<\/div>\n<\/div>\n\n\n\n<div data-block-name=\"woocommerce\/empty-cart-block\" class=\"wp-block-woocommerce-empty-cart-block\">\n<h2 class=\"wp-block-heading has-text-align-center with-empty-cart-icon wc-block-cart__empty-cart__title\">Sepetiniz \u015fu anda bo\u015f!<\/h2>\n\n\n\n<hr class=\"wp-block-separator has-alpha-channel-opacity is-style-dots\"\/>\n\n\n\n<h2 class=\"wp-block-heading has-text-align-center\">Ma\u011fazada yeni<\/h2>\n\n\n<div data-block-name=\"woocommerce\/product-new\" data-columns=\"4\" data-rows=\"1\" class=\"wc-block-grid wp-block-product-new wp-block-woocommerce-product-new wc-block-product-new has-4-columns\"><ul class=\"wc-block-grid__products\"><li class=\"wc-block-grid__product\">\n\t\t\t\t<a href=\"https:\/\/canea.com.tr\/?product=mekanizmali-d-kartlik\" class=\"wc-block-grid__product-link\">\n\t\t\t\t\t\n\t\t\t\t\t<div class=\"wc-block-grid__product-image\"><img loading=\"lazy\" decoding=\"async\" width=\"300\" height=\"300\" src=\"https:\/\/canea.com.tr\/wp-content\/uploads\/2026\/02\/DERI-MEKANIZMALI-KARTLIK_1080x1080-1-300x300.jpeg\" class=\"attachment-woocommerce_thumbnail size-woocommerce_thumbnail\" alt=\"Mekanizmal\u0131 D Kartl\u0131k\" srcset=\"https:\/\/canea.com.tr\/wp-content\/uploads\/2026\/02\/DERI-MEKANIZMALI-KARTLIK_1080x1080-1-300x300.jpeg 300w, https:\/\/canea.com.tr\/wp-content\/uploads\/2026\/02\/DERI-MEKANIZMALI-KARTLIK_1080x1080-1-1030x1030.jpeg 1030w, https:\/\/canea.com.tr\/wp-content\/uploads\/2026\/02\/DERI-MEKANIZMALI-KARTLIK_1080x1080-1-80x80.jpeg 80w, https:\/\/canea.com.tr\/wp-content\/uploads\/2026\/02\/DERI-MEKANIZMALI-KARTLIK_1080x1080-1-768x768.jpeg 768w, https:\/\/canea.com.tr\/wp-content\/uploads\/2026\/02\/DERI-MEKANIZMALI-KARTLIK_1080x1080-1-36x36.jpeg 36w, https:\/\/canea.com.tr\/wp-content\/uploads\/2026\/02\/DERI-MEKANIZMALI-KARTLIK_1080x1080-1-180x180.jpeg 180w, https:\/\/canea.com.tr\/wp-content\/uploads\/2026\/02\/DERI-MEKANIZMALI-KARTLIK_1080x1080-1-705x705.jpeg 705w, https:\/\/canea.com.tr\/wp-content\/uploads\/2026\/02\/DERI-MEKANIZMALI-KARTLIK_1080x1080-1-120x120.jpeg 120w, https:\/\/canea.com.tr\/wp-content\/uploads\/2026\/02\/DERI-MEKANIZMALI-KARTLIK_1080x1080-1-450x450.jpeg 450w, https:\/\/canea.com.tr\/wp-content\/uploads\/2026\/02\/DERI-MEKANIZMALI-KARTLIK_1080x1080-1-600x600.jpeg 600w, https:\/\/canea.com.tr\/wp-content\/uploads\/2026\/02\/DERI-MEKANIZMALI-KARTLIK_1080x1080-1-100x100.jpeg 100w, https:\/\/canea.com.tr\/wp-content\/uploads\/2026\/02\/DERI-MEKANIZMALI-KARTLIK_1080x1080-1.jpeg 1080w\" sizes=\"auto, (max-width: 300px) 100vw, 300px\" \/><\/div>\n\t\t\t\t\t<div class=\"wc-block-grid__product-title\">Mekanizmal\u0131 D Kartl\u0131k<\/div>\n\t\t\t\t<\/a>\n\t\t\t\t<div class=\"wc-block-grid__product-price price\"><span class=\"woocommerce-Price-amount amount\">600,00<span class=\"woocommerce-Price-currencySymbol\">&#8378;<\/span><\/span><\/div>\n\t\t\t\t\n\t\t\t\t<div class=\"wp-block-button wc-block-grid__product-add-to-cart\"><a href=\"\/index.php?rest_route=%2Fwp%2Fv2%2Fpages%2F66&#038;add-to-cart=125\" aria-label=\"Sepete ekle: \u201cMekanizmal\u0131 D Kartl\u0131k\u201d\" data-quantity=\"1\" data-product_id=\"125\" data-product_sku=\"\" data-price=\"600\" rel=\"nofollow\" class=\"wp-block-button__link  add_to_cart_button ajax_add_to_cart\">Sepete Ekle<\/a><\/div>\n\t\t\t<\/li><li class=\"wc-block-grid__product\">\n\t\t\t\t<a href=\"https:\/\/canea.com.tr\/?product=mekanizmali-s-kartlik\" class=\"wc-block-grid__product-link\">\n\t\t\t\t\t\n\t\t\t\t\t<div class=\"wc-block-grid__product-image\"><img loading=\"lazy\" decoding=\"async\" width=\"300\" height=\"300\" src=\"https:\/\/canea.com.tr\/wp-content\/uploads\/2026\/02\/DERI-MEKANIZMALI-KARTLIK_1080x1080-300x300.jpeg\" class=\"attachment-woocommerce_thumbnail size-woocommerce_thumbnail\" alt=\"Mekanizmal\u0131 S Kartl\u0131k\" srcset=\"https:\/\/canea.com.tr\/wp-content\/uploads\/2026\/02\/DERI-MEKANIZMALI-KARTLIK_1080x1080-300x300.jpeg 300w, https:\/\/canea.com.tr\/wp-content\/uploads\/2026\/02\/DERI-MEKANIZMALI-KARTLIK_1080x1080-1030x1030.jpeg 1030w, https:\/\/canea.com.tr\/wp-content\/uploads\/2026\/02\/DERI-MEKANIZMALI-KARTLIK_1080x1080-80x80.jpeg 80w, https:\/\/canea.com.tr\/wp-content\/uploads\/2026\/02\/DERI-MEKANIZMALI-KARTLIK_1080x1080-768x768.jpeg 768w, https:\/\/canea.com.tr\/wp-content\/uploads\/2026\/02\/DERI-MEKANIZMALI-KARTLIK_1080x1080-36x36.jpeg 36w, https:\/\/canea.com.tr\/wp-content\/uploads\/2026\/02\/DERI-MEKANIZMALI-KARTLIK_1080x1080-180x180.jpeg 180w, https:\/\/canea.com.tr\/wp-content\/uploads\/2026\/02\/DERI-MEKANIZMALI-KARTLIK_1080x1080-705x705.jpeg 705w, https:\/\/canea.com.tr\/wp-content\/uploads\/2026\/02\/DERI-MEKANIZMALI-KARTLIK_1080x1080-120x120.jpeg 120w, https:\/\/canea.com.tr\/wp-content\/uploads\/2026\/02\/DERI-MEKANIZMALI-KARTLIK_1080x1080-450x450.jpeg 450w, https:\/\/canea.com.tr\/wp-content\/uploads\/2026\/02\/DERI-MEKANIZMALI-KARTLIK_1080x1080-600x600.jpeg 600w, https:\/\/canea.com.tr\/wp-content\/uploads\/2026\/02\/DERI-MEKANIZMALI-KARTLIK_1080x1080-100x100.jpeg 100w, https:\/\/canea.com.tr\/wp-content\/uploads\/2026\/02\/DERI-MEKANIZMALI-KARTLIK_1080x1080.jpeg 1080w\" sizes=\"auto, (max-width: 300px) 100vw, 300px\" \/><\/div>\n\t\t\t\t\t<div class=\"wc-block-grid__product-title\">Mekanizmal\u0131 S Kartl\u0131k<\/div>\n\t\t\t\t<\/a>\n\t\t\t\t<div class=\"wc-block-grid__product-price price\"><span class=\"woocommerce-Price-amount amount\">250,00<span class=\"woocommerce-Price-currencySymbol\">&#8378;<\/span><\/span><\/div>\n\t\t\t\t\n\t\t\t\t<div class=\"wp-block-button wc-block-grid__product-add-to-cart\"><a href=\"\/index.php?rest_route=%2Fwp%2Fv2%2Fpages%2F66&#038;add-to-cart=124\" aria-label=\"Sepete ekle: \u201cMekanizmal\u0131 S Kartl\u0131k\u201d\" data-quantity=\"1\" data-product_id=\"124\" data-product_sku=\"\" data-price=\"250\" rel=\"nofollow\" class=\"wp-block-button__link  add_to_cart_button ajax_add_to_cart\">Sepete Ekle<\/a><\/div>\n\t\t\t<\/li><li class=\"wc-block-grid__product\">\n\t\t\t\t<a href=\"https:\/\/canea.com.tr\/?product=cam-kulluk\" class=\"wc-block-grid__product-link\">\n\t\t\t\t\t\n\t\t\t\t\t<div class=\"wc-block-grid__product-image\"><img loading=\"lazy\" decoding=\"async\" width=\"300\" height=\"300\" src=\"https:\/\/canea.com.tr\/wp-content\/uploads\/woocommerce-placeholder.webp\" class=\"woocommerce-placeholder wp-post-image\" alt=\"\" srcset=\"https:\/\/canea.com.tr\/wp-content\/uploads\/woocommerce-placeholder.webp 1200w, https:\/\/canea.com.tr\/wp-content\/uploads\/woocommerce-placeholder-300x300.webp 300w, https:\/\/canea.com.tr\/wp-content\/uploads\/woocommerce-placeholder-1030x1030.webp 1030w, https:\/\/canea.com.tr\/wp-content\/uploads\/woocommerce-placeholder-80x80.webp 80w, https:\/\/canea.com.tr\/wp-content\/uploads\/woocommerce-placeholder-768x768.webp 768w, https:\/\/canea.com.tr\/wp-content\/uploads\/woocommerce-placeholder-36x36.webp 36w, https:\/\/canea.com.tr\/wp-content\/uploads\/woocommerce-placeholder-180x180.webp 180w, https:\/\/canea.com.tr\/wp-content\/uploads\/woocommerce-placeholder-705x705.webp 705w\" sizes=\"auto, (max-width: 300px) 100vw, 300px\" \/><\/div>\n\t\t\t\t\t<div class=\"wc-block-grid__product-title\">Cam K\u00fcll\u00fck<\/div>\n\t\t\t\t<\/a>\n\t\t\t\t<div class=\"wc-block-grid__product-price price\"><span class=\"woocommerce-Price-amount amount\">100,00<span class=\"woocommerce-Price-currencySymbol\">&#8378;<\/span><\/span><\/div>\n\t\t\t\t\n\t\t\t\t<div class=\"wp-block-button wc-block-grid__product-add-to-cart\"><a href=\"\/index.php?rest_route=%2Fwp%2Fv2%2Fpages%2F66&#038;add-to-cart=123\" aria-label=\"Sepete ekle: \u201cCam K\u00fcll\u00fck\u201d\" data-quantity=\"1\" data-product_id=\"123\" data-product_sku=\"\" data-price=\"100\" rel=\"nofollow\" class=\"wp-block-button__link  add_to_cart_button ajax_add_to_cart\">Sepete Ekle<\/a><\/div>\n\t\t\t<\/li><li class=\"wc-block-grid__product\">\n\t\t\t\t<a href=\"https:\/\/canea.com.tr\/?product=usb-sarjli-isikli-buhar-cihazi\" class=\"wc-block-grid__product-link\">\n\t\t\t\t\t\n\t\t\t\t\t<div class=\"wc-block-grid__product-image\"><img loading=\"lazy\" decoding=\"async\" width=\"300\" height=\"300\" src=\"https:\/\/canea.com.tr\/wp-content\/uploads\/2026\/01\/Usp-Sarjli-Isikli-Buhar-Cihazi-2-300x300.jpg\" class=\"attachment-woocommerce_thumbnail size-woocommerce_thumbnail\" alt=\"Usb \u015earjl\u0131 I\u015f\u0131kl\u0131 Buhar Cihaz\u0131\" srcset=\"https:\/\/canea.com.tr\/wp-content\/uploads\/2026\/01\/Usp-Sarjli-Isikli-Buhar-Cihazi-2-300x300.jpg 300w, https:\/\/canea.com.tr\/wp-content\/uploads\/2026\/01\/Usp-Sarjli-Isikli-Buhar-Cihazi-2-80x80.jpg 80w, https:\/\/canea.com.tr\/wp-content\/uploads\/2026\/01\/Usp-Sarjli-Isikli-Buhar-Cihazi-2-36x36.jpg 36w, https:\/\/canea.com.tr\/wp-content\/uploads\/2026\/01\/Usp-Sarjli-Isikli-Buhar-Cihazi-2-180x180.jpg 180w, https:\/\/canea.com.tr\/wp-content\/uploads\/2026\/01\/Usp-Sarjli-Isikli-Buhar-Cihazi-2-120x120.jpg 120w, https:\/\/canea.com.tr\/wp-content\/uploads\/2026\/01\/Usp-Sarjli-Isikli-Buhar-Cihazi-2-450x450.jpg 450w, https:\/\/canea.com.tr\/wp-content\/uploads\/2026\/01\/Usp-Sarjli-Isikli-Buhar-Cihazi-2-100x100.jpg 100w\" sizes=\"auto, (max-width: 300px) 100vw, 300px\" \/><\/div>\n\t\t\t\t\t<div class=\"wc-block-grid__product-title\">Usb \u015earjl\u0131 I\u015f\u0131kl\u0131 Buhar Cihaz\u0131<\/div>\n\t\t\t\t<\/a>\n\t\t\t\t<div class=\"wc-block-grid__product-price price\"><span class=\"woocommerce-Price-amount amount\">300,00<span class=\"woocommerce-Price-currencySymbol\">&#8378;<\/span><\/span><\/div>\n\t\t\t\t\n\t\t\t\t<div class=\"wp-block-button wc-block-grid__product-add-to-cart\"><a href=\"\/index.php?rest_route=%2Fwp%2Fv2%2Fpages%2F66&#038;add-to-cart=81\" aria-label=\"Sepete ekle: \u201cUsb \u015earjl\u0131 I\u015f\u0131kl\u0131 Buhar Cihaz\u0131\u201d\" data-quantity=\"1\" data-product_id=\"81\" data-product_sku=\"\" data-price=\"300\" rel=\"nofollow\" class=\"wp-block-button__link  add_to_cart_button ajax_add_to_cart\">Sepete Ekle<\/a><\/div>\n\t\t\t<\/li><\/ul><\/div><\/div>\n<\/div>\n","protected":false},"excerpt":{"rendered":"","protected":false},"author":1,"featured_media":0,"parent":0,"menu_order":0,"comment_status":"closed","ping_status":"closed","template":"","meta":{"footnotes":""},"class_list":["post-66","page","type-page","status-publish","hentry"],"_links":{"self":[{"href":"https:\/\/canea.com.tr\/index.php?rest_route=\/wp\/v2\/pages\/66","targetHints":{"allow":["GET"]}}],"collection":[{"href":"https:\/\/canea.com.tr\/index.php?rest_route=\/wp\/v2\/pages"}],"about":[{"href":"https:\/\/canea.com.tr\/index.php?rest_route=\/wp\/v2\/types\/page"}],"author":[{"embeddable":true,"href":"https:\/\/canea.com.tr\/index.php?rest_route=\/wp\/v2\/users\/1"}],"replies":[{"embeddable":true,"href":"https:\/\/canea.com.tr\/index.php?rest_route=%2Fwp%2Fv2%2Fcomments&post=66"}],"version-history":[{"count":0,"href":"https:\/\/canea.com.tr\/index.php?rest_route=\/wp\/v2\/pages\/66\/revisions"}],"wp:attachment":[{"href":"https:\/\/canea.com.tr\/index.php?rest_route=%2Fwp%2Fv2%2Fmedia&parent=66"}],"curies":[{"name":"wp","href":"https:\/\/api.w.org\/{rel}","templated":true}]}}