{"id":20,"date":"2026-01-27T19:38:05","date_gmt":"2026-01-27T16:38:05","guid":{"rendered":"https:\/\/canea.com.tr\/?page_id=20"},"modified":"2026-01-28T17:16:42","modified_gmt":"2026-01-28T14:16:42","slug":"hakkimizda","status":"publish","type":"page","link":"https:\/\/canea.com.tr\/?page_id=20","title":{"rendered":"Hakk\u0131m\u0131zda"},"content":{"rendered":"\n<style type=\"text\/css\" data-created_by=\"avia_inline_auto\" id=\"style-css-av-mkwv0uho-4a2965ce5a4f03dcdc2399a5a7225b1c\">\n.avia-section.av-mkwv0uho-4a2965ce5a4f03dcdc2399a5a7225b1c{\nbackground-color:#fff8f3;\nbackground-image:unset;\n}\n<\/style>\n<div id='av_section_1'  class='avia-section av-mkwv0uho-4a2965ce5a4f03dcdc2399a5a7225b1c main_color avia-section-default avia-no-border-styling  avia-builder-el-0  avia-builder-el-no-sibling  avia-bg-style-scroll container_wrap sidebar_right'  ><div class='container av-section-cont-open' ><main  role=\"main\" itemprop=\"mainContentOfPage\"  class='template-page content  av-content-small alpha units'><div class='post-entry post-entry-type-page post-entry-20'><div class='entry-content-wrapper clearfix'>\n<div  class='flex_column av-29cy8-bf2433c4e41c84d4aa7ba6446dff1ee5 av_one_fifth  avia-builder-el-1  el_before_av_three_fifth  avia-builder-el-first  first flex_column_div  '     ><\/div><div  class='flex_column av-1pnro-a8dfca70112fb32613c3a6a354cd96f1 av_three_fifth  avia-builder-el-2  el_after_av_one_fifth  el_before_av_one_fifth  flex_column_div  '     ><section  class='av_textblock_section av-mky3wx2u-00b849d15b4f3ea77c0cab091b48fea7 '   itemscope=\"itemscope\" itemtype=\"https:\/\/schema.org\/CreativeWork\" ><div class='avia_textblock'  itemprop=\"text\" ><h2>Hakk\u0131m\u0131zda<\/h2>\n<div align=\"justify\">\n<p><strong>CANEA PAZARLAMA<\/strong> olarak; 2020 y\u0131l\u0131nda g\u0131da ve ev d\u0131\u015f\u0131 t\u00fcketim sekt\u00f6r\u00fcnde, toptan ve perakende sat\u0131\u015f faaliyetleriyle \u0130stanbul Ata\u015fehir il\u00e7esinde hizmet vermeye ba\u015flad\u0131k. Geni\u015f \u00fcr\u00fcn yelpazemiz ile m\u00fc\u015fterilerimize g\u00fcvenilir ve s\u00fcrd\u00fcr\u00fclebilir \u00e7\u00f6z\u00fcmler sunmaktay\u0131z.<\/p>\n<p>Faaliyet g\u00f6sterdi\u011fimiz alanlarda sekt\u00f6rdeki geli\u015fmeleri ve pazardaki yeni talepleri yak\u0131ndan takip eden firma y\u00f6netimimiz; g\u00fc\u00e7l\u00fc idari ve mali birikimiyle birlikte, yeni \u00fcr\u00fcn gruplar\u0131yla sekt\u00f6re y\u00f6n veren \u00f6nc\u00fc firmalardan biri olma hedefiyle \u00e7al\u0131\u015fmalar\u0131n\u0131 s\u00fcrd\u00fcrmektedir.<\/p>\n<p>2025 y\u0131l\u0131na kadar g\u0131da, hediyelik e\u015fya ve deri aksesuar \u00fcr\u00fcnleriyle hizmet veren yap\u0131m\u0131z; 2025 y\u0131l\u0131 itibar\u0131yla ki\u015fisel bak\u0131m setleri ve kozmetik alan\u0131ndaki yat\u0131r\u0131mlar\u0131yla hedef kitlesini geni\u015fletmeyi ama\u00e7 edinmi\u015ftir.<\/p>\n<p>\u00dcr\u00fcnlerimizi herkes i\u00e7in eri\u015filebilir k\u0131larak; g\u00fczellik, bak\u0131m ve ki\u015fisel ihtiya\u00e7 anlay\u0131\u015f\u0131n\u0131 \u00e7e\u015fitlilik ve s\u00fcrd\u00fcr\u00fclebilirlik de\u011ferleriyle bulu\u015fturmaya devam edece\u011fiz.<\/p>\n<p><strong>De\u011ferlerimiz<\/strong><br \/>\nG\u00fcvenilir \u00fcr\u00fcn ve sat\u0131\u015f modeli<br \/>\nY\u00fcksek kalite ve yenilik\u00e7i yakla\u015f\u0131m<br \/>\nM\u00fc\u015fteri memnuniyeti odakl\u0131 hizmet<br \/>\nS\u00fcrd\u00fcr\u00fclebilir ve eri\u015filebilir \u00e7\u00f6z\u00fcmler<\/p>\n<\/div>\n<\/div><\/section><\/div><div  class='flex_column av-2pgw-12df2239bdc960040fc418f969df1ad5 av_one_fifth  avia-builder-el-4  el_after_av_three_fifth  avia-builder-el-last  flex_column_div  '     ><\/div><\/div><\/div><\/main><!-- close content main element --><\/div><\/div><div id='after_section_1'  class='main_color av_default_container_wrap container_wrap sidebar_right'  ><div class='container av-section-cont-open' ><div class='template-page content  av-content-small alpha units'><div class='post-entry post-entry-type-page post-entry-20'><div class='entry-content-wrapper clearfix'>\n","protected":false},"excerpt":{"rendered":"","protected":false},"author":1,"featured_media":0,"parent":0,"menu_order":0,"comment_status":"closed","ping_status":"closed","template":"","meta":{"footnotes":""},"class_list":["post-20","page","type-page","status-publish","hentry"],"_links":{"self":[{"href":"https:\/\/canea.com.tr\/index.php?rest_route=\/wp\/v2\/pages\/20","targetHints":{"allow":["GET"]}}],"collection":[{"href":"https:\/\/canea.com.tr\/index.php?rest_route=\/wp\/v2\/pages"}],"about":[{"href":"https:\/\/canea.com.tr\/index.php?rest_route=\/wp\/v2\/types\/page"}],"author":[{"embeddable":true,"href":"https:\/\/canea.com.tr\/index.php?rest_route=\/wp\/v2\/users\/1"}],"replies":[{"embeddable":true,"href":"https:\/\/canea.com.tr\/index.php?rest_route=%2Fwp%2Fv2%2Fcomments&post=20"}],"version-history":[{"count":0,"href":"https:\/\/canea.com.tr\/index.php?rest_route=\/wp\/v2\/pages\/20\/revisions"}],"wp:attachment":[{"href":"https:\/\/canea.com.tr\/index.php?rest_route=%2Fwp%2Fv2%2Fmedia&parent=20"}],"curies":[{"name":"wp","href":"https:\/\/api.w.org\/{rel}","templated":true}]}}